{"id":1826,"date":"2023-06-24T11:38:37","date_gmt":"2023-06-24T10:38:37","guid":{"rendered":"https:\/\/gotafrimarken.se\/shop\/?post_type=product&#038;p=1826"},"modified":"2023-06-26T09:24:24","modified_gmt":"2023-06-26T08:24:24","slug":"angfartygspost-i-ostersjoomradet-1839-1875","status":"publish","type":"product","link":"https:\/\/gotafrimarken.se\/shop\/product\/angfartygspost-i-ostersjoomradet-1839-1875\/","title":{"rendered":"\u00c5ngfartygspost i \u00d6stersj\u00f6omr\u00e5det 1839-1875"},"content":{"rendered":"","protected":false},"excerpt":{"rendered":"<p>D.A.Dromberg, 1981, hardback with dustwrapper, 192 pages, text in swedish, very good condition as new with\u00a0 a few scratches on dustwrapper.<\/p>\n<p>The standard work on Finnish ship mails.<\/p>\n","protected":false},"featured_media":1829,"template":"","meta":[],"product_brand":[],"product_cat":[16,46],"product_tag":[],"class_list":{"0":"post-1826","1":"product","2":"type-product","3":"status-publish","4":"has-post-thumbnail","6":"product_cat-literature","7":"product_cat-scandinavia-literature","9":"first","10":"instock","11":"shipping-taxable","12":"purchasable","13":"product-type-simple"},"_links":{"self":[{"href":"https:\/\/gotafrimarken.se\/shop\/wp-json\/wp\/v2\/product\/1826","targetHints":{"allow":["GET"]}}],"collection":[{"href":"https:\/\/gotafrimarken.se\/shop\/wp-json\/wp\/v2\/product"}],"about":[{"href":"https:\/\/gotafrimarken.se\/shop\/wp-json\/wp\/v2\/types\/product"}],"version-history":[{"count":2,"href":"https:\/\/gotafrimarken.se\/shop\/wp-json\/wp\/v2\/product\/1826\/revisions"}],"predecessor-version":[{"id":1845,"href":"https:\/\/gotafrimarken.se\/shop\/wp-json\/wp\/v2\/product\/1826\/revisions\/1845"}],"wp:featuredmedia":[{"embeddable":true,"href":"https:\/\/gotafrimarken.se\/shop\/wp-json\/wp\/v2\/media\/1829"}],"wp:attachment":[{"href":"https:\/\/gotafrimarken.se\/shop\/wp-json\/wp\/v2\/media?parent=1826"}],"wp:term":[{"taxonomy":"product_brand","embeddable":true,"href":"https:\/\/gotafrimarken.se\/shop\/wp-json\/wp\/v2\/product_brand?post=1826"},{"taxonomy":"product_cat","embeddable":true,"href":"https:\/\/gotafrimarken.se\/shop\/wp-json\/wp\/v2\/product_cat?post=1826"},{"taxonomy":"product_tag","embeddable":true,"href":"https:\/\/gotafrimarken.se\/shop\/wp-json\/wp\/v2\/product_tag?post=1826"}],"curies":[{"name":"wp","href":"https:\/\/api.w.org\/{rel}","templated":true}]}}