{"id":1051,"date":"2022-02-18T00:05:40","date_gmt":"2022-02-17T23:05:40","guid":{"rendered":"https:\/\/gotafrimarken.se\/shop\/?page_id=1051"},"modified":"2022-03-03T22:24:11","modified_gmt":"2022-03-03T21:24:11","slug":"webbshop","status":"publish","type":"page","link":"https:\/\/gotafrimarken.se\/shop\/","title":{"rendered":"Webbshop"},"content":{"rendered":"\t\t<div data-elementor-type=\"wp-page\" data-elementor-id=\"1051\" class=\"elementor elementor-1051\">\n\t\t\t\t\t\t<section class=\"elementor-section elementor-top-section elementor-element elementor-element-9e321e3 elementor-section-height-min-height elementor-section-boxed elementor-section-height-default elementor-section-items-middle\" data-id=\"9e321e3\" data-element_type=\"section\" data-settings=\"{&quot;jet_parallax_layout_list&quot;:[],&quot;background_background&quot;:&quot;classic&quot;,&quot;shape_divider_bottom&quot;:&quot;tilt&quot;}\">\n\t\t\t\t\t<div class=\"elementor-shape elementor-shape-bottom\" data-negative=\"false\">\n\t\t\t<svg xmlns=\"http:\/\/www.w3.org\/2000\/svg\" viewBox=\"0 0 1000 100\" preserveAspectRatio=\"none\">\n\t<path class=\"elementor-shape-fill\" d=\"M0,6V0h1000v100L0,6z\"\/>\n<\/svg>\t\t<\/div>\n\t\t\t\t\t<div class=\"elementor-container elementor-column-gap-default\">\n\t\t\t\t\t<div class=\"elementor-column elementor-col-100 elementor-top-column elementor-element elementor-element-f462756\" data-id=\"f462756\" data-element_type=\"column\">\n\t\t\t<div class=\"elementor-widget-wrap elementor-element-populated\">\n\t\t\t\t\t\t<div class=\"elementor-element elementor-element-f03f57c elementor-widget elementor-widget-heading\" data-id=\"f03f57c\" data-element_type=\"widget\" data-widget_type=\"heading.default\">\n\t\t\t\t<div class=\"elementor-widget-container\">\n\t\t\t<h2 class=\"elementor-heading-title elementor-size-default\">V\u00e4lkommen till G\u00f6ta webbshop!<\/h2>\t\t<\/div>\n\t\t\t\t<\/div>\n\t\t\t\t\t<\/div>\n\t\t<\/div>\n\t\t\t\t\t<\/div>\n\t\t<\/section>\n\t\t\t\t<section class=\"elementor-section elementor-top-section elementor-element elementor-element-cba332a elementor-section-boxed elementor-section-height-default elementor-section-height-default\" data-id=\"cba332a\" data-element_type=\"section\" data-settings=\"{&quot;jet_parallax_layout_list&quot;:[]}\">\n\t\t\t\t\t\t<div class=\"elementor-container elementor-column-gap-default\">\n\t\t\t\t\t<div class=\"elementor-column elementor-col-100 elementor-top-column elementor-element elementor-element-18b1461\" data-id=\"18b1461\" data-element_type=\"column\">\n\t\t\t<div class=\"elementor-widget-wrap elementor-element-populated\">\n\t\t\t\t\t\t<div class=\"elementor-element elementor-element-69bec88 elementor-widget elementor-widget-heading\" data-id=\"69bec88\" data-element_type=\"widget\" data-widget_type=\"heading.default\">\n\t\t\t\t<div class=\"elementor-widget-container\">\n\t\t\t<h2 class=\"elementor-heading-title elementor-size-default\">Ett urval av v\u00e5ra produkter<\/h2>\t\t<\/div>\n\t\t\t\t<\/div>\n\t\t\t\t<div class=\"elementor-element elementor-element-c0ef87b elementor-widget elementor-widget-jet-woo-products\" data-id=\"c0ef87b\" data-element_type=\"widget\" data-settings=\"{&quot;columns&quot;:&quot;4&quot;,&quot;columns_tablet&quot;:2,&quot;columns_mobile&quot;:1,&quot;slides_to_scroll&quot;:&quot;1&quot;,&quot;space_between_slides&quot;:10,&quot;space_between_slides_tablet&quot;:10,&quot;space_between_slides_mobile&quot;:10}\" data-widget_type=\"jet-woo-products.default\">\n\t\t\t\t<div class=\"elementor-widget-container\">\n\t\t\t<div class=\"elementor-jet-woo-products jet-woo-builder\"><div class=\"jet-woo-carousel swiper-container horizontal\" data-slider_options=\"{&quot;direction&quot;:&quot;horizontal&quot;,&quot;slidesPerGroup&quot;:1,&quot;simulateTouch&quot;:true,&quot;loop&quot;:true,&quot;freeMode&quot;:false,&quot;centeredSlides&quot;:false,&quot;speed&quot;:500,&quot;paginationEnable&quot;:false,&quot;navigationEnable&quot;:true,&quot;autoplay&quot;:{&quot;delay&quot;:5000,&quot;disableOnInteraction&quot;:false}}\" dir=\"ltr\"> <div class=\"jet-woo-products jet-woo-products--preset-1 swiper-wrapper  \" data-mobile-hover=\"\" >\n<div class=\"jet-woo-products__item jet-woo-builder-product swiper-slide\" data-product-id=\"2360\">\n\t<div class=\"jet-woo-products__inner-box \"   >\n\t\t\n<div class=\"jet-woo-product-thumbnail\">\n\t\n\t<a href=\"https:\/\/gotafrimarken.se\/shop\/product\/302nd-kohler-auction-international-and-german-rarities\/\" ><img fetchpriority=\"high\" decoding=\"async\" width=\"213\" height=\"300\" src=\"https:\/\/media2.gotafrimarken.se\/2023\/06\/a00120.jpg\" class=\"attachment-woocommerce_thumbnail size-woocommerce_thumbnail\" alt=\"\" \/><\/a>\n\t<div class=\"jet-woo-product-img-overlay\"><\/div>\n\n\t\n\t<\/div>\n<div class=\"jet-woo-product-categories\">\n\t<ul><li><a href=\"https:\/\/gotafrimarken.se\/shop\/product-category\/literature\/\" rel=\"tag\">Literature<\/a><span class=\"separator\">&#44;&nbsp;<\/span><\/li><li><a href=\"https:\/\/gotafrimarken.se\/shop\/product-category\/literature\/sweden\/\" rel=\"tag\">Sweden<\/a><\/li><\/ul>\n<\/div><h5 class=\"jet-woo-product-title\" ><a href=\"https:\/\/gotafrimarken.se\/shop\/product\/302nd-kohler-auction-international-and-german-rarities\/\" >302nd K\u00f6hler Auction International and German Rarities<\/a><\/h5>\n<div class=\"jet-woo-product-price\"><span class=\"woocommerce-Price-amount amount\"><bdi>100&nbsp;<span class=\"woocommerce-Price-currencySymbol\">&#107;&#114;<\/span><\/bdi><\/span><\/div>\n<div class=\"jet-woo-products-cqw-wrapper\">\n\t<\/div>\t<\/div>\n\t<\/div>\n<div class=\"jet-woo-products__item jet-woo-builder-product swiper-slide\" data-product-id=\"2355\">\n\t<div class=\"jet-woo-products__inner-box \"   >\n\t\t\n<div class=\"jet-woo-product-thumbnail\">\n\t\n\t<a href=\"https:\/\/gotafrimarken.se\/shop\/product\/osterreich-ungarn-lombardo-veneto-1850-1871-sammlung-collezione-sissi\/\" ><img decoding=\"async\" width=\"231\" height=\"300\" src=\"https:\/\/media2.gotafrimarken.se\/2023\/06\/a00119.jpg\" class=\"attachment-woocommerce_thumbnail size-woocommerce_thumbnail\" alt=\"\" \/><\/a>\n\t<div class=\"jet-woo-product-img-overlay\"><\/div>\n\n\t\n\t<\/div>\n<div class=\"jet-woo-product-categories\">\n\t<ul><li><a href=\"https:\/\/gotafrimarken.se\/shop\/product-category\/literature\/europe-and-colonies-literature\/\" rel=\"tag\">Europe and Colonies<\/a><span class=\"separator\">&#44;&nbsp;<\/span><\/li><li><a href=\"https:\/\/gotafrimarken.se\/shop\/product-category\/literature\/\" rel=\"tag\">Literature<\/a><\/li><\/ul>\n<\/div><h5 class=\"jet-woo-product-title\" ><a href=\"https:\/\/gotafrimarken.se\/shop\/product\/osterreich-ungarn-lombardo-veneto-1850-1871-sammlung-collezione-sissi\/\" >\u00d6sterreich Ungarn Lombardo-Veneto 1850-1871 Sammlung\/Collezione &#8221;Sissi&#8221;<\/a><\/h5>\n<div class=\"jet-woo-product-price\"><span class=\"woocommerce-Price-amount amount\"><bdi>150&nbsp;<span class=\"woocommerce-Price-currencySymbol\">&#107;&#114;<\/span><\/bdi><\/span><\/div>\n<div class=\"jet-woo-products-cqw-wrapper\">\n\t<\/div>\t<\/div>\n\t<\/div>\n<div class=\"jet-woo-products__item jet-woo-builder-product swiper-slide\" data-product-id=\"2349\">\n\t<div class=\"jet-woo-products__inner-box \"   >\n\t\t\n<div class=\"jet-woo-product-thumbnail\">\n\t\n\t<a href=\"https:\/\/gotafrimarken.se\/shop\/product\/spezial-katalog-duckwitz-sammlung-bremen-stechinelli-sammlung-hannover-apstempelungen\/\" ><img decoding=\"async\" width=\"233\" height=\"300\" src=\"https:\/\/media2.gotafrimarken.se\/2023\/06\/a00117.jpg\" class=\"attachment-woocommerce_thumbnail size-woocommerce_thumbnail\" alt=\"\" \/><\/a>\n\t<div class=\"jet-woo-product-img-overlay\"><\/div>\n\n\t\n\t<\/div>\n<div class=\"jet-woo-product-categories\">\n\t<ul><li><a href=\"https:\/\/gotafrimarken.se\/shop\/product-category\/literature\/europe-and-colonies-literature\/\" rel=\"tag\">Europe and Colonies<\/a><span class=\"separator\">&#44;&nbsp;<\/span><\/li><li><a href=\"https:\/\/gotafrimarken.se\/shop\/product-category\/literature\/\" rel=\"tag\">Literature<\/a><\/li><\/ul>\n<\/div><h5 class=\"jet-woo-product-title\" ><a href=\"https:\/\/gotafrimarken.se\/shop\/product\/spezial-katalog-duckwitz-sammlung-bremen-stechinelli-sammlung-hannover-apstempelungen\/\" >Spezial-Katalog &#8221;Duckwitz&#8221; -Sammlung BREMEN &#8221;Stechinelli&#8221;-Sammlung HANNOVER Abstempelungen<\/a><\/h5>\n<div class=\"jet-woo-product-price\"><span class=\"woocommerce-Price-amount amount\"><bdi>100&nbsp;<span class=\"woocommerce-Price-currencySymbol\">&#107;&#114;<\/span><\/bdi><\/span><\/div>\n<div class=\"jet-woo-products-cqw-wrapper\">\n\t<\/div>\t<\/div>\n\t<\/div>\n<div class=\"jet-woo-products__item jet-woo-builder-product swiper-slide\" data-product-id=\"2345\">\n\t<div class=\"jet-woo-products__inner-box \"   >\n\t\t\n<div class=\"jet-woo-product-thumbnail\">\n\t\n\t<a href=\"https:\/\/gotafrimarken.se\/shop\/product\/classic-denmark\/\" ><img loading=\"lazy\" decoding=\"async\" width=\"233\" height=\"300\" src=\"https:\/\/media2.gotafrimarken.se\/2023\/06\/a00116.jpg\" class=\"attachment-woocommerce_thumbnail size-woocommerce_thumbnail\" alt=\"\" \/><\/a>\n\t<div class=\"jet-woo-product-img-overlay\"><\/div>\n\n\t\n\t<\/div>\n<div class=\"jet-woo-product-categories\">\n\t<ul><li><a href=\"https:\/\/gotafrimarken.se\/shop\/product-category\/literature\/\" rel=\"tag\">Literature<\/a><span class=\"separator\">&#44;&nbsp;<\/span><\/li><li><a href=\"https:\/\/gotafrimarken.se\/shop\/product-category\/literature\/scandinavia-literature\/\" rel=\"tag\">Scandinavia<\/a><\/li><\/ul>\n<\/div><h5 class=\"jet-woo-product-title\" ><a href=\"https:\/\/gotafrimarken.se\/shop\/product\/classic-denmark\/\" >Classic Denmark<\/a><\/h5>\n<div class=\"jet-woo-product-price\"><span class=\"woocommerce-Price-amount amount\"><bdi>100&nbsp;<span class=\"woocommerce-Price-currencySymbol\">&#107;&#114;<\/span><\/bdi><\/span><\/div>\n<div class=\"jet-woo-products-cqw-wrapper\">\n\t<\/div>\t<\/div>\n\t<\/div>\n<div class=\"jet-woo-products__item jet-woo-builder-product swiper-slide\" data-product-id=\"2340\">\n\t<div class=\"jet-woo-products__inner-box \"   >\n\t\t\n<div class=\"jet-woo-product-thumbnail\">\n\t\n\t<a href=\"https:\/\/gotafrimarken.se\/shop\/product\/postal-history-of-sweden-1593-1893-the-j-h-roman-collection-the-russian-empire-the-pavlovsk-collection-with-russian-levant-and-russian-post-offices-in-the-far-east\/\" ><img loading=\"lazy\" decoding=\"async\" width=\"233\" height=\"300\" src=\"https:\/\/media2.gotafrimarken.se\/2023\/06\/a00115.jpg\" class=\"attachment-woocommerce_thumbnail size-woocommerce_thumbnail\" alt=\"\" \/><\/a>\n\t<div class=\"jet-woo-product-img-overlay\"><\/div>\n\n\t\n\t<\/div>\n<div class=\"jet-woo-product-categories\">\n\t<ul><li><a href=\"https:\/\/gotafrimarken.se\/shop\/product-category\/literature\/europe-and-colonies-literature\/\" rel=\"tag\">Europe and Colonies<\/a><span class=\"separator\">&#44;&nbsp;<\/span><\/li><li><a href=\"https:\/\/gotafrimarken.se\/shop\/product-category\/literature\/\" rel=\"tag\">Literature<\/a><span class=\"separator\">&#44;&nbsp;<\/span><\/li><li><a href=\"https:\/\/gotafrimarken.se\/shop\/product-category\/literature\/sweden\/\" rel=\"tag\">Sweden<\/a><\/li><\/ul>\n<\/div><h5 class=\"jet-woo-product-title\" ><a href=\"https:\/\/gotafrimarken.se\/shop\/product\/postal-history-of-sweden-1593-1893-the-j-h-roman-collection-the-russian-empire-the-pavlovsk-collection-with-russian-levant-and-russian-post-offices-in-the-far-east\/\" >Postal History of Sweden 1593-1893 The &#8221;J.H. Roman&#8221; Collection The Russian Empire The &#8221;Pavlovsk&#8221; Collection with Russian Levant and Russian Post Offices in the Far East<\/a><\/h5>\n<div class=\"jet-woo-product-price\"><span class=\"woocommerce-Price-amount amount\"><bdi>150&nbsp;<span class=\"woocommerce-Price-currencySymbol\">&#107;&#114;<\/span><\/bdi><\/span><\/div>\n<div class=\"jet-woo-products-cqw-wrapper\">\n\t<\/div>\t<\/div>\n\t<\/div>\n<div class=\"jet-woo-products__item jet-woo-builder-product swiper-slide\" data-product-id=\"2335\">\n\t<div class=\"jet-woo-products__inner-box \"   >\n\t\t\n<div class=\"jet-woo-product-thumbnail\">\n\t\n\t<a href=\"https:\/\/gotafrimarken.se\/shop\/product\/balkans-russia-near-east-including-the-gordon-torrey-and-the-peter-brodtbeck-collections\/\" ><img loading=\"lazy\" decoding=\"async\" width=\"233\" height=\"300\" src=\"https:\/\/media2.gotafrimarken.se\/2023\/06\/a00114.jpg\" class=\"attachment-woocommerce_thumbnail size-woocommerce_thumbnail\" alt=\"\" \/><\/a>\n\t<div class=\"jet-woo-product-img-overlay\"><\/div>\n\n\t\n\t<\/div>\n<div class=\"jet-woo-product-categories\">\n\t<ul><li><a href=\"https:\/\/gotafrimarken.se\/shop\/product-category\/literature\/general-philatelic-works\/\" rel=\"tag\">General philatelic works<\/a><span class=\"separator\">&#44;&nbsp;<\/span><\/li><li><a href=\"https:\/\/gotafrimarken.se\/shop\/product-category\/literature\/\" rel=\"tag\">Literature<\/a><\/li><\/ul>\n<\/div><h5 class=\"jet-woo-product-title\" ><a href=\"https:\/\/gotafrimarken.se\/shop\/product\/balkans-russia-near-east-including-the-gordon-torrey-and-the-peter-brodtbeck-collections\/\" >Balkans Russia Near East Including The Gordon Torrey and The Peter Brodtbeck Collections<\/a><\/h5>\n<div class=\"jet-woo-product-price\"><span class=\"woocommerce-Price-amount amount\"><bdi>150&nbsp;<span class=\"woocommerce-Price-currencySymbol\">&#107;&#114;<\/span><\/bdi><\/span><\/div>\n<div class=\"jet-woo-products-cqw-wrapper\">\n\t<\/div>\t<\/div>\n\t<\/div>\n<div class=\"jet-woo-products__item jet-woo-builder-product swiper-slide\" data-product-id=\"2330\">\n\t<div class=\"jet-woo-products__inner-box \"   >\n\t\t\n<div class=\"jet-woo-product-thumbnail\">\n\t\n\t<a href=\"https:\/\/gotafrimarken.se\/shop\/product\/upu-union-postale-universelle-the-severin-collection-from-penny-postage-in-1840-to-the-upu-1875-1995\/\" ><img loading=\"lazy\" decoding=\"async\" width=\"232\" height=\"300\" src=\"https:\/\/media2.gotafrimarken.se\/2023\/06\/a00113.jpg\" class=\"attachment-woocommerce_thumbnail size-woocommerce_thumbnail\" alt=\"\" \/><\/a>\n\t<div class=\"jet-woo-product-img-overlay\"><\/div>\n\n\t\n\t<\/div>\n<div class=\"jet-woo-product-categories\">\n\t<ul><li><a href=\"https:\/\/gotafrimarken.se\/shop\/product-category\/literature\/general-philatelic-works\/\" rel=\"tag\">General philatelic works<\/a><span class=\"separator\">&#44;&nbsp;<\/span><\/li><li><a href=\"https:\/\/gotafrimarken.se\/shop\/product-category\/literature\/\" rel=\"tag\">Literature<\/a><\/li><\/ul>\n<\/div><h5 class=\"jet-woo-product-title\" ><a href=\"https:\/\/gotafrimarken.se\/shop\/product\/upu-union-postale-universelle-the-severin-collection-from-penny-postage-in-1840-to-the-upu-1875-1995\/\" >UPU Union Postale Universelle The &#8221;Severin&#8221; Collection: from Penny Postage in 1840 to the UPU 1875-1995<\/a><\/h5>\n<div class=\"jet-woo-product-price\"><span class=\"woocommerce-Price-amount amount\"><bdi>100&nbsp;<span class=\"woocommerce-Price-currencySymbol\">&#107;&#114;<\/span><\/bdi><\/span><\/div>\n<div class=\"jet-woo-products-cqw-wrapper\">\n\t<\/div>\t<\/div>\n\t<\/div>\n<div class=\"jet-woo-products__item jet-woo-builder-product swiper-slide\" data-product-id=\"2326\">\n\t<div class=\"jet-woo-products__inner-box \"   >\n\t\t\n<div class=\"jet-woo-product-thumbnail\">\n\t\n\t<a href=\"https:\/\/gotafrimarken.se\/shop\/product\/altschweiz-griechenland-bayern\/\" ><img loading=\"lazy\" decoding=\"async\" width=\"232\" height=\"300\" src=\"https:\/\/media2.gotafrimarken.se\/2023\/06\/a00112.jpg\" class=\"attachment-woocommerce_thumbnail size-woocommerce_thumbnail\" alt=\"\" \/><\/a>\n\t<div class=\"jet-woo-product-img-overlay\"><\/div>\n\n\t\n\t<\/div>\n<div class=\"jet-woo-product-categories\">\n\t<ul><li><a href=\"https:\/\/gotafrimarken.se\/shop\/product-category\/literature\/europe-and-colonies-literature\/\" rel=\"tag\">Europe and Colonies<\/a><span class=\"separator\">&#44;&nbsp;<\/span><\/li><li><a href=\"https:\/\/gotafrimarken.se\/shop\/product-category\/literature\/\" rel=\"tag\">Literature<\/a><\/li><\/ul>\n<\/div><h5 class=\"jet-woo-product-title\" ><a href=\"https:\/\/gotafrimarken.se\/shop\/product\/altschweiz-griechenland-bayern\/\" >Altschweiz    Griechenland  Bayern<\/a><\/h5>\n<div class=\"jet-woo-product-price\"><span class=\"woocommerce-Price-amount amount\"><bdi>150&nbsp;<span class=\"woocommerce-Price-currencySymbol\">&#107;&#114;<\/span><\/bdi><\/span><\/div>\n<div class=\"jet-woo-products-cqw-wrapper\">\n\t<\/div>\t<\/div>\n\t<\/div>\n<div class=\"jet-woo-products__item jet-woo-builder-product swiper-slide\" data-product-id=\"2322\">\n\t<div class=\"jet-woo-products__inner-box \"   >\n\t\t\n<div class=\"jet-woo-product-thumbnail\">\n\t\n\t<a href=\"https:\/\/gotafrimarken.se\/shop\/product\/alt-schweiz-sammlung-zurichsee-kantonals-sitzende-helvetia-1843-1881\/\" ><img loading=\"lazy\" decoding=\"async\" width=\"233\" height=\"300\" src=\"https:\/\/media2.gotafrimarken.se\/2023\/06\/a00111.jpg\" class=\"attachment-woocommerce_thumbnail size-woocommerce_thumbnail\" alt=\"\" \/><\/a>\n\t<div class=\"jet-woo-product-img-overlay\"><\/div>\n\n\t\n\t<\/div>\n<div class=\"jet-woo-product-categories\">\n\t<ul><li><a href=\"https:\/\/gotafrimarken.se\/shop\/product-category\/literature\/\" rel=\"tag\">Literature<\/a><\/li><\/ul>\n<\/div><h5 class=\"jet-woo-product-title\" ><a href=\"https:\/\/gotafrimarken.se\/shop\/product\/alt-schweiz-sammlung-zurichsee-kantonals-sitzende-helvetia-1843-1881\/\" >Alt-Schweiz Sammlung &#8221;Z\u00fcrichsee&#8221; Kantonals &#8211; Sitzende Helvetia 1843-1881<\/a><\/h5>\n<div class=\"jet-woo-product-price\"><span class=\"woocommerce-Price-amount amount\"><bdi>100&nbsp;<span class=\"woocommerce-Price-currencySymbol\">&#107;&#114;<\/span><\/bdi><\/span><\/div>\n<div class=\"jet-woo-products-cqw-wrapper\">\n\t<\/div>\t<\/div>\n\t<\/div>\n<div class=\"jet-woo-products__item jet-woo-builder-product swiper-slide\" data-product-id=\"2318\">\n\t<div class=\"jet-woo-products__inner-box \"   >\n\t\t\n<div class=\"jet-woo-product-thumbnail\">\n\t\n\t<a href=\"https:\/\/gotafrimarken.se\/shop\/product\/holyland-palestine-the-michael-sacher-collection-ottoman-empire-with-pre-philately-and-specialised-duloz-issues-near-east\/\" ><img loading=\"lazy\" decoding=\"async\" width=\"232\" height=\"300\" src=\"https:\/\/media2.gotafrimarken.se\/2023\/06\/a00110.jpg\" class=\"attachment-woocommerce_thumbnail size-woocommerce_thumbnail\" alt=\"\" \/><\/a>\n\t<div class=\"jet-woo-product-img-overlay\"><\/div>\n\n\t\n\t<\/div>\n<div class=\"jet-woo-product-categories\">\n\t<ul><li><a href=\"https:\/\/gotafrimarken.se\/shop\/product-category\/literature\/\" rel=\"tag\">Literature<\/a><span class=\"separator\">&#44;&nbsp;<\/span><\/li><li><a href=\"https:\/\/gotafrimarken.se\/shop\/product-category\/literature\/middle-east-literature\/\" rel=\"tag\">Middle East<\/a><\/li><\/ul>\n<\/div><h5 class=\"jet-woo-product-title\" ><a href=\"https:\/\/gotafrimarken.se\/shop\/product\/holyland-palestine-the-michael-sacher-collection-ottoman-empire-with-pre-philately-and-specialised-duloz-issues-near-east\/\" >Holyland &amp; Palestine The Michael Sacher Collection, Ottoman Empire with Pre-Philately and Specialised Duloz Issues, Near east<\/a><\/h5>\n<div class=\"jet-woo-product-price\"><span class=\"woocommerce-Price-amount amount\"><bdi>100&nbsp;<span class=\"woocommerce-Price-currencySymbol\">&#107;&#114;<\/span><\/bdi><\/span><\/div>\n<div class=\"jet-woo-products-cqw-wrapper\">\n\t<\/div>\t<\/div>\n\t<\/div><\/div>\n  <div class=\"prev-arrow jet-swiper-button-prev jet-arrow\"><i aria-hidden=\"true\" class=\"fas fa-angle-left\"><\/i><\/div> <div class=\"next-arrow jet-swiper-button-next jet-arrow\"><i aria-hidden=\"true\" class=\"fas fa-angle-right\"><\/i><\/div> <\/div><\/div>\t\t<\/div>\n\t\t\t\t<\/div>\n\t\t\t\t\t<\/div>\n\t\t<\/div>\n\t\t\t\t\t<\/div>\n\t\t<\/section>\n\t\t\t\t<\/div>\n\t\t","protected":false},"excerpt":{"rendered":"<p>V\u00e4lkommen till G\u00f6ta webbshop! Ett urval av v\u00e5ra produkter Postal history M\u00e5nga brev 1 499&nbsp;&#107;&#114; Stamps Drei Franco frim\u00e4rke 30&nbsp;&#107;&#114; Postal history Australiensk posthistoria 1 499&nbsp;&#107;&#114; Postal history Svensk posthistoria Oscar II 599&nbsp;&#107;&#114; Postal history Brev fr\u00e5n Danmark till England 240&nbsp;&#107;&#114; Stamps&#44;&nbsp; Sverige Svenska frim\u00e4rken 100&nbsp;&#107;&#114; Stamps Fakes Forgeries Experts 500&nbsp;&#107;&#114; Postal history Luftpostbrev Australien-Sverige [&hellip;]<\/p>\n","protected":false},"author":1,"featured_media":0,"parent":0,"menu_order":0,"comment_status":"closed","ping_status":"closed","template":"","meta":{"footnotes":""},"class_list":["post-1051","page","type-page","status-publish","hentry"],"_links":{"self":[{"href":"https:\/\/gotafrimarken.se\/shop\/wp-json\/wp\/v2\/pages\/1051","targetHints":{"allow":["GET"]}}],"collection":[{"href":"https:\/\/gotafrimarken.se\/shop\/wp-json\/wp\/v2\/pages"}],"about":[{"href":"https:\/\/gotafrimarken.se\/shop\/wp-json\/wp\/v2\/types\/page"}],"author":[{"embeddable":true,"href":"https:\/\/gotafrimarken.se\/shop\/wp-json\/wp\/v2\/users\/1"}],"replies":[{"embeddable":true,"href":"https:\/\/gotafrimarken.se\/shop\/wp-json\/wp\/v2\/comments?post=1051"}],"version-history":[{"count":34,"href":"https:\/\/gotafrimarken.se\/shop\/wp-json\/wp\/v2\/pages\/1051\/revisions"}],"predecessor-version":[{"id":1505,"href":"https:\/\/gotafrimarken.se\/shop\/wp-json\/wp\/v2\/pages\/1051\/revisions\/1505"}],"wp:attachment":[{"href":"https:\/\/gotafrimarken.se\/shop\/wp-json\/wp\/v2\/media?parent=1051"}],"curies":[{"name":"wp","href":"https:\/\/api.w.org\/{rel}","templated":true}]}}